{"id":2586,"date":"2026-01-24T13:57:54","date_gmt":"2026-01-24T13:57:54","guid":{"rendered":"https:\/\/kosminestovykla.lt\/?page_id=2586"},"modified":"2026-01-24T14:33:18","modified_gmt":"2026-01-24T14:33:18","slug":"turinio-kurimas","status":"publish","type":"page","link":"https:\/\/kosminestovykla.lt\/?page_id=2586","title":{"rendered":"Turinio k\u016brimas"},"content":{"rendered":"\t\t<div data-elementor-type=\"wp-page\" data-elementor-id=\"2586\" class=\"elementor elementor-2586\" data-elementor-post-type=\"page\">\n\t\t\t\t\t\t<section class=\"elementor-section elementor-top-section elementor-element elementor-element-8f7f62f elementor-section-height-min-height elementor-section-boxed elementor-section-height-default elementor-section-items-middle\" data-id=\"8f7f62f\" data-element_type=\"section\" data-e-type=\"section\" data-settings=\"{&quot;background_background&quot;:&quot;classic&quot;}\">\n\t\t\t\t\t\t\t<div class=\"elementor-background-overlay\"><\/div>\n\t\t\t\t\t\t\t<div class=\"elementor-container elementor-column-gap-default\">\n\t\t\t\t\t<div class=\"elementor-column elementor-col-100 elementor-top-column elementor-element elementor-element-0a92e5e software_slider_content\" data-id=\"0a92e5e\" data-element_type=\"column\" data-e-type=\"column\">\n\t\t\t<div class=\"elementor-widget-wrap elementor-element-populated\">\n\t\t\t\t\t\t<div class=\"elementor-element elementor-element-9195a3d elementor-widget__width-initial elementor-invisible elementor-widget elementor-widget-heading\" data-id=\"9195a3d\" data-element_type=\"widget\" data-e-type=\"widget\" data-settings=\"{&quot;_animation&quot;:&quot;fadeInLeft&quot;,&quot;_animation_delay&quot;:400}\" data-widget_type=\"heading.default\">\n\t\t\t\t<div class=\"elementor-widget-container\">\n\t\t\t\t\t<h2 class=\"elementor-heading-title elementor-size-default\">Turinio k\u016brimas<\/h2>\t\t\t\t<\/div>\n\t\t\t\t<\/div>\n\t\t\t\t<div class=\"elementor-element elementor-element-e9616cc elementor-invisible elementor-widget elementor-widget-heading\" data-id=\"e9616cc\" data-element_type=\"widget\" data-e-type=\"widget\" data-settings=\"{&quot;_animation&quot;:&quot;fadeInUp&quot;,&quot;_animation_delay&quot;:200}\" data-widget_type=\"heading.default\">\n\t\t\t\t<div class=\"elementor-widget-container\">\n\t\t\t\t\t<p class=\"elementor-heading-title elementor-size-default\">Nuo id\u0117jos iki rezultato \u2013 tikras k\u016brybos u\u017ekulisiai vaikams<\/p>\t\t\t\t<\/div>\n\t\t\t\t<\/div>\n\t\t\t\t\t<\/div>\n\t\t<\/div>\n\t\t\t\t\t<\/div>\n\t\t<\/section>\n\t\t\t\t<section class=\"elementor-section elementor-top-section elementor-element elementor-element-761e2d4 elementor-section-boxed elementor-section-height-default elementor-section-height-default\" data-id=\"761e2d4\" data-element_type=\"section\" data-e-type=\"section\">\n\t\t\t\t\t\t<div class=\"elementor-container elementor-column-gap-default\">\n\t\t\t\t\t<div class=\"elementor-column elementor-col-100 elementor-top-column elementor-element elementor-element-dac9a41\" data-id=\"dac9a41\" data-element_type=\"column\" data-e-type=\"column\">\n\t\t\t<div class=\"elementor-widget-wrap elementor-element-populated\">\n\t\t\t\t\t\t<div class=\"elementor-element elementor-element-2fa046d elementor-widget elementor-widget-text-editor\" data-id=\"2fa046d\" data-element_type=\"widget\" data-e-type=\"widget\" data-widget_type=\"text-editor.default\">\n\t\t\t\t<div class=\"elementor-widget-container\">\n\t\t\t\t\t\t\t\t\t<p data-start=\"345\" data-end=\"492\">Kosmin\u0117je stovykloje vaikai kuria, filmuoja, montuoja ir mokosi suprasti, kiek darbo slypi u\u017e kiekvieno s\u0117kmingo turinio k\u016br\u0117jo.<\/p>\t\t\t\t\t\t\t\t<\/div>\n\t\t\t\t<\/div>\n\t\t\t\t<div class=\"elementor-element elementor-element-29ebc99 elementor-widget elementor-widget-heading\" data-id=\"29ebc99\" data-element_type=\"widget\" data-e-type=\"widget\" data-widget_type=\"heading.default\">\n\t\t\t\t<div class=\"elementor-widget-container\">\n\t\t\t\t\t<h2 class=\"elementor-heading-title elementor-size-default\">Nuo id\u0117jos iki vaizdo klipo \u2013 Kosmin\u0117je stovykloje<\/h2>\t\t\t\t<\/div>\n\t\t\t\t<\/div>\n\t\t\t\t<div class=\"elementor-element elementor-element-4a3122e elementor-widget-divider--view-line elementor-widget elementor-widget-divider\" data-id=\"4a3122e\" data-element_type=\"widget\" data-e-type=\"widget\" data-widget_type=\"divider.default\">\n\t\t\t\t<div class=\"elementor-widget-container\">\n\t\t\t\t\t\t\t<div class=\"elementor-divider\">\n\t\t\t<span class=\"elementor-divider-separator\">\n\t\t\t\t\t\t<\/span>\n\t\t<\/div>\n\t\t\t\t\t\t<\/div>\n\t\t\t\t<\/div>\n\t\t\t\t<div class=\"elementor-element elementor-element-7ac0bc7 elementor-widget elementor-widget-text-editor\" data-id=\"7ac0bc7\" data-element_type=\"widget\" data-e-type=\"widget\" data-widget_type=\"text-editor.default\">\n\t\t\t\t<div class=\"elementor-widget-container\">\n\t\t\t\t\t\t\t\t\t<p data-start=\"139\" data-end=\"424\">Da\u017enas stovyklautojas, u\u017eaug\u0119s, svajoja tapti s\u0117kmingu turinio k\u016br\u0117ju, atlik\u0117ju ar kitu \u017einomu \u017emogumi. Ta\u010diau realyb\u0117je s\u0117kminga ir gerbiama k\u016brybin\u0117 veikla slypi ne tik u\u017e matom\u0173 rezultat\u0173, bet ir u\u017e daugyb\u0117s valand\u0173 nuoseklaus darbo, mokymosi bei pastang\u0173 ugdant savo kompetencijas.<\/p><p data-start=\"426\" data-end=\"812\">Stovykloje vaikai susipa\u017eins su tikruoju k\u016brybinio proceso u\u017ekulisiu \u2013 nuo id\u0117jos gimimo, planavimo ir komandinio darbo iki atsakomyb\u0117s u\u017e galutin\u012f rezultat\u0105. Kurdami pamainos dain\u0105, filmuodami vaizdo klip\u0105 ir susipa\u017eindami su \u201eYouTube\u201c turinio k\u016brimo pagrindais, jie mokysis ne tik k\u016brybos, bet ir kantryb\u0117s, disciplinos bei pagarbos darbui, kuris slypi u\u017e kiekvieno s\u0117kmingo projekto.<\/p><p data-start=\"814\" data-end=\"981\">U\u017esi\u0117mim\u0173 metu vaikai taip pat mokysis vaizdo montavimo pagrind\u0173 bei tur\u0117s galimyb\u0119 susipa\u017einti su \u017einomais turinio k\u016br\u0117jais, kuriuos galite rasti <strong data-start=\"961\" data-end=\"971\">sve\u010di\u0173<\/strong> skiltyje.<\/p>\t\t\t\t\t\t\t\t<\/div>\n\t\t\t\t<\/div>\n\t\t\t\t<div class=\"elementor-element elementor-element-7ff904a elementor-align-center elementor-mobile-align-center elementor-widget elementor-widget-button\" data-id=\"7ff904a\" data-element_type=\"widget\" data-e-type=\"widget\" data-settings=\"{&quot;_animation&quot;:&quot;none&quot;}\" data-widget_type=\"button.default\">\n\t\t\t\t<div class=\"elementor-widget-container\">\n\t\t\t\t\t\t\t\t\t<div class=\"elementor-button-wrapper\">\n\t\t\t\t\t<a class=\"elementor-button elementor-button-link elementor-size-md elementor-animation-shrink\" href=\"https:\/\/kosminestovykla.lt\/?page_id=1257\">\n\t\t\t\t\t\t<span class=\"elementor-button-content-wrapper\">\n\t\t\t\t\t\t\t\t\t<span class=\"elementor-button-text\">PER\u017dI\u016aR\u0116TI SVE\u010cIUS<\/span>\n\t\t\t\t\t<\/span>\n\t\t\t\t\t<\/a>\n\t\t\t\t<\/div>\n\t\t\t\t\t\t\t\t<\/div>\n\t\t\t\t<\/div>\n\t\t\t\t<div class=\"elementor-element elementor-element-8c05e63 elementor-widget elementor-widget-heading\" data-id=\"8c05e63\" data-element_type=\"widget\" data-e-type=\"widget\" data-widget_type=\"heading.default\">\n\t\t\t\t<div class=\"elementor-widget-container\">\n\t\t\t\t\t<h2 class=\"elementor-heading-title elementor-size-default\">DARBAI i\u0161 2025 metais vykusios stovyklos<\/h2>\t\t\t\t<\/div>\n\t\t\t\t<\/div>\n\t\t\t\t<div class=\"elementor-element elementor-element-ca59f03 elementor-skin-carousel elementor-arrows-yes elementor-pagination-type-bullets elementor-pagination-position-outside elementor-widget elementor-widget-media-carousel\" data-id=\"ca59f03\" data-element_type=\"widget\" data-e-type=\"widget\" data-settings=\"{&quot;skin&quot;:&quot;carousel&quot;,&quot;effect&quot;:&quot;slide&quot;,&quot;show_arrows&quot;:&quot;yes&quot;,&quot;pagination&quot;:&quot;bullets&quot;,&quot;speed&quot;:500,&quot;autoplay&quot;:&quot;yes&quot;,&quot;autoplay_speed&quot;:5000,&quot;loop&quot;:&quot;yes&quot;,&quot;pause_on_hover&quot;:&quot;yes&quot;,&quot;pause_on_interaction&quot;:&quot;yes&quot;,&quot;space_between&quot;:{&quot;unit&quot;:&quot;px&quot;,&quot;size&quot;:10,&quot;sizes&quot;:[]},&quot;space_between_tablet&quot;:{&quot;unit&quot;:&quot;px&quot;,&quot;size&quot;:10,&quot;sizes&quot;:[]},&quot;space_between_mobile&quot;:{&quot;unit&quot;:&quot;px&quot;,&quot;size&quot;:10,&quot;sizes&quot;:[]}}\" data-widget_type=\"media-carousel.default\">\n\t\t\t\t<div class=\"elementor-widget-container\">\n\t\t\t\t\t\t\t<div class=\"elementor-swiper\">\n\t\t\t<div class=\"elementor-main-swiper swiper-container\">\n\t\t\t\t<div class=\"swiper-wrapper\">\n\t\t\t\t\t\t\t\t\t\t\t<div class=\"swiper-slide\">\n\t\t\t\t\t\t\t<a href=\"http:\/\/kosminestovykla.lt\/wp-content\/uploads\/2026\/01\/1.png\" data-elementor-open-lightbox=\"yes\" data-elementor-lightbox-slideshow=\"ca59f03\" data-elementor-lightbox-title=\"1\" data-e-action-hash=\"#elementor-action%3Aaction%3Dlightbox%26settings%3DeyJpZCI6MjQ5NywidXJsIjoiaHR0cHM6XC9cL2tvc21pbmVzdG92eWtsYS5sdFwvd3AtY29udGVudFwvdXBsb2Fkc1wvMjAyNlwvMDFcLzEucG5nIiwic2xpZGVzaG93IjoiY2E1OWYwMyJ9\" data-elementor-lightbox-video=\"https:\/\/www.youtube.com\/embed\/YUlN9W385KY?feature=oembed&amp;autoplay=1&amp;rel=0&amp;controls=0\">\t\t<div class=\"elementor-carousel-image\" role=\"img\" aria-label=\"1\" style=\"background-image: url(&#039;https:\/\/kosminestovykla.lt\/wp-content\/uploads\/2026\/01\/1.png&#039;)\">\n\n\t\t\t\n\t\t\t\t\t\t\t<div class=\"elementor-custom-embed-play\">\n\t\t\t\t\t<i aria-hidden=\"true\" class=\"eicon-play\"><\/i>\t\t\t\t\t<span class=\"elementor-screen-only\">Play<\/span>\n\t\t\t\t<\/div>\n\t\t\t\t\t<\/div>\n\t\t<\/a>\t\t\t\t\t\t<\/div>\n\t\t\t\t\t\t\t\t\t\t\t<div class=\"swiper-slide\">\n\t\t\t\t\t\t\t<a href=\"http:\/\/kosminestovykla.lt\/wp-content\/uploads\/2026\/01\/2.png\" data-elementor-open-lightbox=\"yes\" data-elementor-lightbox-slideshow=\"ca59f03\" data-elementor-lightbox-title=\"2\" data-e-action-hash=\"#elementor-action%3Aaction%3Dlightbox%26settings%3DeyJpZCI6MjQ5NiwidXJsIjoiaHR0cHM6XC9cL2tvc21pbmVzdG92eWtsYS5sdFwvd3AtY29udGVudFwvdXBsb2Fkc1wvMjAyNlwvMDFcLzIucG5nIiwic2xpZGVzaG93IjoiY2E1OWYwMyJ9\" data-elementor-lightbox-video=\"https:\/\/www.youtube.com\/embed\/CrGyYz8LNsY?feature=oembed&amp;autoplay=1&amp;rel=0&amp;controls=0\">\t\t<div class=\"elementor-carousel-image\" role=\"img\" aria-label=\"2\" style=\"background-image: url(&#039;https:\/\/kosminestovykla.lt\/wp-content\/uploads\/2026\/01\/2.png&#039;)\">\n\n\t\t\t\n\t\t\t\t\t\t\t<div class=\"elementor-custom-embed-play\">\n\t\t\t\t\t<i aria-hidden=\"true\" class=\"eicon-play\"><\/i>\t\t\t\t\t<span class=\"elementor-screen-only\">Play<\/span>\n\t\t\t\t<\/div>\n\t\t\t\t\t<\/div>\n\t\t<\/a>\t\t\t\t\t\t<\/div>\n\t\t\t\t\t\t\t\t\t\t\t<div class=\"swiper-slide\">\n\t\t\t\t\t\t\t<a href=\"http:\/\/kosminestovykla.lt\/wp-content\/uploads\/2026\/01\/3.png\" data-elementor-open-lightbox=\"yes\" data-elementor-lightbox-slideshow=\"ca59f03\" data-elementor-lightbox-title=\"3\" data-e-action-hash=\"#elementor-action%3Aaction%3Dlightbox%26settings%3DeyJpZCI6MjQ5NSwidXJsIjoiaHR0cHM6XC9cL2tvc21pbmVzdG92eWtsYS5sdFwvd3AtY29udGVudFwvdXBsb2Fkc1wvMjAyNlwvMDFcLzMucG5nIiwic2xpZGVzaG93IjoiY2E1OWYwMyJ9\" data-elementor-lightbox-video=\"https:\/\/www.youtube.com\/embed\/IRVS5H2YYzU?feature=oembed&amp;autoplay=1&amp;rel=0&amp;controls=0\">\t\t<div class=\"elementor-carousel-image\" role=\"img\" aria-label=\"3\" style=\"background-image: url(&#039;https:\/\/kosminestovykla.lt\/wp-content\/uploads\/2026\/01\/3.png&#039;)\">\n\n\t\t\t\n\t\t\t\t\t\t\t<div class=\"elementor-custom-embed-play\">\n\t\t\t\t\t<i aria-hidden=\"true\" class=\"eicon-play\"><\/i>\t\t\t\t\t<span class=\"elementor-screen-only\">Play<\/span>\n\t\t\t\t<\/div>\n\t\t\t\t\t<\/div>\n\t\t<\/a>\t\t\t\t\t\t<\/div>\n\t\t\t\t\t\t\t\t\t\t\t<div class=\"swiper-slide\">\n\t\t\t\t\t\t\t<a href=\"http:\/\/kosminestovykla.lt\/wp-content\/uploads\/2026\/01\/4.png\" data-elementor-open-lightbox=\"yes\" data-elementor-lightbox-slideshow=\"ca59f03\" data-elementor-lightbox-title=\"4\" data-e-action-hash=\"#elementor-action%3Aaction%3Dlightbox%26settings%3DeyJpZCI6MjQ5NCwidXJsIjoiaHR0cHM6XC9cL2tvc21pbmVzdG92eWtsYS5sdFwvd3AtY29udGVudFwvdXBsb2Fkc1wvMjAyNlwvMDFcLzQucG5nIiwic2xpZGVzaG93IjoiY2E1OWYwMyJ9\" data-elementor-lightbox-video=\"https:\/\/www.youtube.com\/embed\/hxN4yO4qTH8?feature=oembed&amp;autoplay=1&amp;rel=0&amp;controls=0\">\t\t<div class=\"elementor-carousel-image\" role=\"img\" aria-label=\"4\" style=\"background-image: url(&#039;https:\/\/kosminestovykla.lt\/wp-content\/uploads\/2026\/01\/4.png&#039;)\">\n\n\t\t\t\n\t\t\t\t\t\t\t<div class=\"elementor-custom-embed-play\">\n\t\t\t\t\t<i aria-hidden=\"true\" class=\"eicon-play\"><\/i>\t\t\t\t\t<span class=\"elementor-screen-only\">Play<\/span>\n\t\t\t\t<\/div>\n\t\t\t\t\t<\/div>\n\t\t<\/a>\t\t\t\t\t\t<\/div>\n\t\t\t\t\t\t\t\t\t\t\t<div class=\"swiper-slide\">\n\t\t\t\t\t\t\t<a href=\"http:\/\/kosminestovykla.lt\/wp-content\/uploads\/2026\/01\/5.png\" data-elementor-open-lightbox=\"yes\" data-elementor-lightbox-slideshow=\"ca59f03\" data-elementor-lightbox-title=\"5\" data-e-action-hash=\"#elementor-action%3Aaction%3Dlightbox%26settings%3DeyJpZCI6MjQ5MywidXJsIjoiaHR0cHM6XC9cL2tvc21pbmVzdG92eWtsYS5sdFwvd3AtY29udGVudFwvdXBsb2Fkc1wvMjAyNlwvMDFcLzUucG5nIiwic2xpZGVzaG93IjoiY2E1OWYwMyJ9\" data-elementor-lightbox-video=\"https:\/\/www.youtube.com\/embed\/iSQhungojZc?feature=oembed&amp;autoplay=1&amp;rel=0&amp;controls=0\">\t\t<div class=\"elementor-carousel-image\" role=\"img\" aria-label=\"5\" style=\"background-image: url(&#039;https:\/\/kosminestovykla.lt\/wp-content\/uploads\/2026\/01\/5.png&#039;)\">\n\n\t\t\t\n\t\t\t\t\t\t\t<div class=\"elementor-custom-embed-play\">\n\t\t\t\t\t<i aria-hidden=\"true\" class=\"eicon-play\"><\/i>\t\t\t\t\t<span class=\"elementor-screen-only\">Play<\/span>\n\t\t\t\t<\/div>\n\t\t\t\t\t<\/div>\n\t\t<\/a>\t\t\t\t\t\t<\/div>\n\t\t\t\t\t\t\t\t\t\t\t<div class=\"swiper-slide\">\n\t\t\t\t\t\t\t<a href=\"http:\/\/kosminestovykla.lt\/wp-content\/uploads\/2026\/01\/6.png\" data-elementor-open-lightbox=\"yes\" data-elementor-lightbox-slideshow=\"ca59f03\" data-elementor-lightbox-title=\"6\" data-e-action-hash=\"#elementor-action%3Aaction%3Dlightbox%26settings%3DeyJpZCI6MjQ5MiwidXJsIjoiaHR0cHM6XC9cL2tvc21pbmVzdG92eWtsYS5sdFwvd3AtY29udGVudFwvdXBsb2Fkc1wvMjAyNlwvMDFcLzYucG5nIiwic2xpZGVzaG93IjoiY2E1OWYwMyJ9\" data-elementor-lightbox-video=\"https:\/\/www.youtube.com\/embed\/hOGwQ84uda4?feature=oembed&amp;autoplay=1&amp;rel=0&amp;controls=0\">\t\t<div class=\"elementor-carousel-image\" role=\"img\" aria-label=\"6\" style=\"background-image: url(&#039;https:\/\/kosminestovykla.lt\/wp-content\/uploads\/2026\/01\/6.png&#039;)\">\n\n\t\t\t\n\t\t\t\t\t\t\t<div class=\"elementor-custom-embed-play\">\n\t\t\t\t\t<i aria-hidden=\"true\" class=\"eicon-play\"><\/i>\t\t\t\t\t<span class=\"elementor-screen-only\">Play<\/span>\n\t\t\t\t<\/div>\n\t\t\t\t\t<\/div>\n\t\t<\/a>\t\t\t\t\t\t<\/div>\n\t\t\t\t\t\t\t\t\t<\/div>\n\t\t\t\t\t\t\t\t\t\t\t\t\t\t\t<div class=\"swiper-pagination\"><\/div>\n\t\t\t\t\t\t\t\t\t\t\t\t\t\t\t\t<div class=\"elementor-swiper-button elementor-swiper-button-prev\" role=\"button\" tabindex=\"0\">\n\t\t\t\t\t\t\t<i aria-hidden=\"true\" class=\"eicon-chevron-left\"><\/i>\t\t\t\t\t\t\t<span class=\"elementor-screen-only\">Previous<\/span>\n\t\t\t\t\t\t<\/div>\n\t\t\t\t\t\t<div class=\"elementor-swiper-button elementor-swiper-button-next\" role=\"button\" tabindex=\"0\">\n\t\t\t\t\t\t\t<i aria-hidden=\"true\" class=\"eicon-chevron-right\"><\/i>\t\t\t\t\t\t\t<span class=\"elementor-screen-only\">Next<\/span>\n\t\t\t\t\t\t<\/div>\n\t\t\t\t\t\t\t\t\t\t\t\t<\/div>\n\t\t<\/div>\n\t\t\t\t\t\t<\/div>\n\t\t\t\t<\/div>\n\t\t\t\t\t<\/div>\n\t\t<\/div>\n\t\t\t\t\t<\/div>\n\t\t<\/section>\n\t\t\t\t<\/div>\n\t\t","protected":false},"excerpt":{"rendered":"<p>Turinio k\u016brimas Nuo id\u0117jos iki rezultato \u2013 tikras k\u016brybos u\u017ekulisiai vaikams Kosmin\u0117je stovykloje vaikai kuria, filmuoja, montuoja ir mokosi suprasti, kiek darbo slypi u\u017e kiekvieno s\u0117kmingo turinio k\u016br\u0117jo. Nuo id\u0117jos iki vaizdo klipo \u2013 Kosmin\u0117je stovykloje Da\u017enas stovyklautojas, u\u017eaug\u0119s, svajoja tapti s\u0117kmingu turinio k\u016br\u0117ju, atlik\u0117ju ar kitu \u017einomu \u017emogumi. Ta\u010diau realyb\u0117je s\u0117kminga ir gerbiama k\u016brybin\u0117 [&hellip;]<\/p>\n","protected":false},"author":1,"featured_media":0,"parent":0,"menu_order":0,"comment_status":"closed","ping_status":"closed","template":"elementor_header_footer","meta":{"_uag_custom_page_level_css":"","site-sidebar-layout":"no-sidebar","site-content-layout":"page-builder","ast-site-content-layout":"full-width-container","site-content-style":"default","site-sidebar-style":"default","ast-global-header-display":"","ast-banner-title-visibility":"","ast-main-header-display":"","ast-hfb-above-header-display":"","ast-hfb-below-header-display":"","ast-hfb-mobile-header-display":"","site-post-title":"","ast-breadcrumbs-content":"","ast-featured-img":"disabled","footer-sml-layout":"","ast-disable-related-posts":"","theme-transparent-header-meta":"","adv-header-id-meta":"","stick-header-meta":"","header-above-stick-meta":"","header-main-stick-meta":"","header-below-stick-meta":"","astra-migrate-meta-layouts":"set","ast-page-background-enabled":"default","ast-page-background-meta":{"desktop":{"background-color":"var(--ast-global-color-4)","background-image":"","background-repeat":"repeat","background-position":"center center","background-size":"auto","background-attachment":"scroll","background-type":"","background-media":"","overlay-type":"","overlay-color":"","overlay-opacity":"","overlay-gradient":""},"tablet":{"background-color":"","background-image":"","background-repeat":"repeat","background-position":"center center","background-size":"auto","background-attachment":"scroll","background-type":"","background-media":"","overlay-type":"","overlay-color":"","overlay-opacity":"","overlay-gradient":""},"mobile":{"background-color":"","background-image":"","background-repeat":"repeat","background-position":"center center","background-size":"auto","background-attachment":"scroll","background-type":"","background-media":"","overlay-type":"","overlay-color":"","overlay-opacity":"","overlay-gradient":""}},"ast-content-background-meta":{"desktop":{"background-color":"var(--ast-global-color-5)","background-image":"","background-repeat":"repeat","background-position":"center center","background-size":"auto","background-attachment":"scroll","background-type":"","background-media":"","overlay-type":"","overlay-color":"","overlay-opacity":"","overlay-gradient":""},"tablet":{"background-color":"var(--ast-global-color-5)","background-image":"","background-repeat":"repeat","background-position":"center center","background-size":"auto","background-attachment":"scroll","background-type":"","background-media":"","overlay-type":"","overlay-color":"","overlay-opacity":"","overlay-gradient":""},"mobile":{"background-color":"var(--ast-global-color-5)","background-image":"","background-repeat":"repeat","background-position":"center center","background-size":"auto","background-attachment":"scroll","background-type":"","background-media":"","overlay-type":"","overlay-color":"","overlay-opacity":"","overlay-gradient":""}},"footnotes":""},"class_list":["post-2586","page","type-page","status-publish","hentry"],"aioseo_notices":[],"uagb_featured_image_src":{"full":false,"thumbnail":false,"medium":false,"medium_large":false,"large":false,"1536x1536":false,"2048x2048":false,"htmega_size_585x295":false,"htmega_size_1170x536":false,"htmega_size_396x360":false,"woocommerce_thumbnail":false,"woocommerce_single":false,"woocommerce_gallery_thumbnail":false},"uagb_author_info":{"display_name":"Testas Testas","author_link":"https:\/\/kosminestovykla.lt\/?author=1"},"uagb_comment_info":0,"uagb_excerpt":"Turinio k\u016brimas Nuo id\u0117jos iki rezultato \u2013 tikras k\u016brybos u\u017ekulisiai vaikams Kosmin\u0117je stovykloje vaikai kuria, filmuoja, montuoja ir mokosi suprasti, kiek darbo slypi u\u017e kiekvieno s\u0117kmingo turinio k\u016br\u0117jo. Nuo id\u0117jos iki vaizdo klipo \u2013 Kosmin\u0117je stovykloje Da\u017enas stovyklautojas, u\u017eaug\u0119s, svajoja tapti s\u0117kmingu turinio k\u016br\u0117ju, atlik\u0117ju ar kitu \u017einomu \u017emogumi. Ta\u010diau realyb\u0117je s\u0117kminga ir gerbiama k\u016brybin\u0117&hellip;","jetpack_sharing_enabled":true,"_links":{"self":[{"href":"https:\/\/kosminestovykla.lt\/index.php?rest_route=\/wp\/v2\/pages\/2586","targetHints":{"allow":["GET"]}}],"collection":[{"href":"https:\/\/kosminestovykla.lt\/index.php?rest_route=\/wp\/v2\/pages"}],"about":[{"href":"https:\/\/kosminestovykla.lt\/index.php?rest_route=\/wp\/v2\/types\/page"}],"author":[{"embeddable":true,"href":"https:\/\/kosminestovykla.lt\/index.php?rest_route=\/wp\/v2\/users\/1"}],"replies":[{"embeddable":true,"href":"https:\/\/kosminestovykla.lt\/index.php?rest_route=%2Fwp%2Fv2%2Fcomments&post=2586"}],"version-history":[{"count":7,"href":"https:\/\/kosminestovykla.lt\/index.php?rest_route=\/wp\/v2\/pages\/2586\/revisions"}],"predecessor-version":[{"id":2593,"href":"https:\/\/kosminestovykla.lt\/index.php?rest_route=\/wp\/v2\/pages\/2586\/revisions\/2593"}],"wp:attachment":[{"href":"https:\/\/kosminestovykla.lt\/index.php?rest_route=%2Fwp%2Fv2%2Fmedia&parent=2586"}],"curies":[{"name":"wp","href":"https:\/\/api.w.org\/{rel}","templated":true}]}}