{"id":377,"date":"2024-01-19T08:53:05","date_gmt":"2024-01-19T08:53:05","guid":{"rendered":"https:\/\/kosminestovykla.lt\/?post_type=product&#038;p=377"},"modified":"2026-05-13T11:03:08","modified_gmt":"2026-05-13T11:03:08","slug":"kosmine-stovykla-2","status":"publish","type":"product","link":"https:\/\/kosminestovykla.lt\/?product=kosmine-stovykla-2","title":{"rendered":"Kosmin\u0117 stovykla | Dalyvio bilietas"},"content":{"rendered":"<p><strong>Kur ir kada vyks vaik\u0173 kosmin\u0117 stovykla?<\/strong><\/p>\n<p><span lang=\"it-CH\"><strong>Kur? <\/strong>Lauksime J\u016bs\u0173<\/span><span lang=\"lt-LT\">\u00a0sodyboje \u201eSelemos kiemas\u201c<br \/>\n<strong><a href=\"https:\/\/kosminestovykla.lt\/?page_id=1166\">D\u0117l daugiau informacijos spauskite \u010dia.<\/a><br \/>\n<\/strong><\/span><\/p>\n<p><strong>Kada ? <\/strong>Kosmin\u0117 stovykla vyks \u0161i\u0105 vasar\u0105 ir bus dar daugiau pamain\u0173 nei pernai \u2013 net 6! Stovyklos pamain\u0173 datos:<\/p>\n<ol>\n<li>Bir\u017eelio 28 \u2013\u00a0 Liepos 3 d.<\/li>\n<li>Liepos 5 \u2013 10d.<\/li>\n<li>Liepos 12 \u2013 17 d.<\/li>\n<li>Liepos 19\u2013 24d.<\/li>\n<li>Liepos 26 \u2013 31d.<\/li>\n<li>Rugpj\u016b\u010dio 2\u20137 d.<\/li>\n<\/ol>\n<p>Pasirinkite jums tinkamiausi\u0105 dat\u0105 ir prisijunkite prie \u012fsp\u016bd\u017ei\u0173 kupinos kosmin\u0117s stovyklos!<\/p>\n<p>&nbsp;<\/p>\n<p>&nbsp;<\/p>\n","protected":false},"excerpt":{"rendered":"<p><b>Norite registruoti daugiau vaik\u0173? Pasinaudokite nuolaidos kodu &#8222;daugiau&#8221; ir gaukite 10% nuolaid\u0105 kelialapiams registruojant 2 ir daugiau vaik\u0173!\u00a0<\/b><\/p>\n","protected":false},"featured_media":1195,"template":"","meta":{"_uag_custom_page_level_css":"","site-sidebar-layout":"default","site-content-layout":"","ast-site-content-layout":"default","site-content-style":"default","site-sidebar-style":"default","ast-global-header-display":"","ast-banner-title-visibility":"","ast-main-header-display":"","ast-hfb-above-header-display":"","ast-hfb-below-header-display":"","ast-hfb-mobile-header-display":"","site-post-title":"","ast-breadcrumbs-content":"","ast-featured-img":"","footer-sml-layout":"","ast-disable-related-posts":"","theme-transparent-header-meta":"default","adv-header-id-meta":"","stick-header-meta":"","header-above-stick-meta":"","header-main-stick-meta":"","header-below-stick-meta":"","astra-migrate-meta-layouts":"set","ast-page-background-enabled":"default","ast-page-background-meta":{"desktop":{"background-color":"var(--ast-global-color-4)","background-image":"","background-repeat":"repeat","background-position":"center center","background-size":"auto","background-attachment":"scroll","background-type":"","background-media":"","overlay-type":"","overlay-color":"","overlay-opacity":"","overlay-gradient":""},"tablet":{"background-color":"","background-image":"","background-repeat":"repeat","background-position":"center center","background-size":"auto","background-attachment":"scroll","background-type":"","background-media":"","overlay-type":"","overlay-color":"","overlay-opacity":"","overlay-gradient":""},"mobile":{"background-color":"","background-image":"","background-repeat":"repeat","background-position":"center center","background-size":"auto","background-attachment":"scroll","background-type":"","background-media":"","overlay-type":"","overlay-color":"","overlay-opacity":"","overlay-gradient":""}},"ast-content-background-meta":{"desktop":{"background-color":"var(--ast-global-color-5)","background-image":"","background-repeat":"repeat","background-position":"center center","background-size":"auto","background-attachment":"scroll","background-type":"","background-media":"","overlay-type":"","overlay-color":"","overlay-opacity":"","overlay-gradient":""},"tablet":{"background-color":"var(--ast-global-color-5)","background-image":"","background-repeat":"repeat","background-position":"center center","background-size":"auto","background-attachment":"scroll","background-type":"","background-media":"","overlay-type":"","overlay-color":"","overlay-opacity":"","overlay-gradient":""},"mobile":{"background-color":"var(--ast-global-color-5)","background-image":"","background-repeat":"repeat","background-position":"center center","background-size":"auto","background-attachment":"scroll","background-type":"","background-media":"","overlay-type":"","overlay-color":"","overlay-opacity":"","overlay-gradient":""}}},"product_brand":[],"product_cat":[22],"product_tag":[],"class_list":{"0":"post-377","1":"product","2":"type-product","3":"status-publish","4":"has-post-thumbnail","6":"product_cat-uncategorized","7":"desktop-align-left","8":"tablet-align-left","9":"mobile-align-left","10":"wcpa_has_options","12":"first","13":"instock","14":"sale","15":"shipping-taxable","16":"purchasable","17":"product-type-variable"},"aioseo_notices":[],"uagb_featured_image_src":{"full":["https:\/\/kosminestovykla.lt\/wp-content\/uploads\/2024\/01\/Kosmine-stovykla.jpg",1080,1080,false],"thumbnail":["https:\/\/kosminestovykla.lt\/wp-content\/uploads\/2024\/01\/Kosmine-stovykla-150x150.jpg",150,150,true],"medium":["https:\/\/kosminestovykla.lt\/wp-content\/uploads\/2024\/01\/Kosmine-stovykla-300x300.jpg",300,300,true],"medium_large":["https:\/\/kosminestovykla.lt\/wp-content\/uploads\/2024\/01\/Kosmine-stovykla-768x768.jpg",768,768,true],"large":["https:\/\/kosminestovykla.lt\/wp-content\/uploads\/2024\/01\/Kosmine-stovykla-1024x1024.jpg",1024,1024,true],"1536x1536":["https:\/\/kosminestovykla.lt\/wp-content\/uploads\/2024\/01\/Kosmine-stovykla.jpg",1080,1080,false],"2048x2048":["https:\/\/kosminestovykla.lt\/wp-content\/uploads\/2024\/01\/Kosmine-stovykla.jpg",1080,1080,false],"htmega_size_585x295":["https:\/\/kosminestovykla.lt\/wp-content\/uploads\/2024\/01\/Kosmine-stovykla-585x295.jpg",585,295,true],"htmega_size_1170x536":["https:\/\/kosminestovykla.lt\/wp-content\/uploads\/2024\/01\/Kosmine-stovykla-1080x536.jpg",1080,536,true],"htmega_size_396x360":["https:\/\/kosminestovykla.lt\/wp-content\/uploads\/2024\/01\/Kosmine-stovykla-396x360.jpg",396,360,true],"woocommerce_thumbnail":["https:\/\/kosminestovykla.lt\/wp-content\/uploads\/2024\/01\/Kosmine-stovykla-300x300.jpg",300,300,true],"woocommerce_single":["https:\/\/kosminestovykla.lt\/wp-content\/uploads\/2024\/01\/Kosmine-stovykla-600x600.jpg",600,600,true],"woocommerce_gallery_thumbnail":["https:\/\/kosminestovykla.lt\/wp-content\/uploads\/2024\/01\/Kosmine-stovykla-100x100.jpg",100,100,true]},"uagb_author_info":{"display_name":"Testas Testas","author_link":"https:\/\/kosminestovykla.lt\/?author=0"},"uagb_comment_info":0,"uagb_excerpt":"Norite registruoti daugiau vaik\u0173? Pasinaudokite nuolaidos kodu \"daugiau\" ir gaukite 10% nuolaid\u0105 kelialapiams registruojant 2 ir daugiau vaik\u0173!\u00a0","jetpack_sharing_enabled":true,"_links":{"self":[{"href":"https:\/\/kosminestovykla.lt\/index.php?rest_route=\/wp\/v2\/product\/377","targetHints":{"allow":["GET"]}}],"collection":[{"href":"https:\/\/kosminestovykla.lt\/index.php?rest_route=\/wp\/v2\/product"}],"about":[{"href":"https:\/\/kosminestovykla.lt\/index.php?rest_route=\/wp\/v2\/types\/product"}],"wp:featuredmedia":[{"embeddable":true,"href":"https:\/\/kosminestovykla.lt\/index.php?rest_route=\/wp\/v2\/media\/1195"}],"wp:attachment":[{"href":"https:\/\/kosminestovykla.lt\/index.php?rest_route=%2Fwp%2Fv2%2Fmedia&parent=377"}],"wp:term":[{"taxonomy":"product_brand","embeddable":true,"href":"https:\/\/kosminestovykla.lt\/index.php?rest_route=%2Fwp%2Fv2%2Fproduct_brand&post=377"},{"taxonomy":"product_cat","embeddable":true,"href":"https:\/\/kosminestovykla.lt\/index.php?rest_route=%2Fwp%2Fv2%2Fproduct_cat&post=377"},{"taxonomy":"product_tag","embeddable":true,"href":"https:\/\/kosminestovykla.lt\/index.php?rest_route=%2Fwp%2Fv2%2Fproduct_tag&post=377"}],"curies":[{"name":"wp","href":"https:\/\/api.w.org\/{rel}","templated":true}]}}